
{"id":19,"date":"2024-03-27T21:36:03","date_gmt":"2024-03-27T20:36:03","guid":{"rendered":"https:\/\/brocante-mareil.fr\/?page_id=19"},"modified":"2025-04-07T19:32:14","modified_gmt":"2025-04-07T17:32:14","slug":"reglement","status":"publish","type":"page","link":"https:\/\/brocante-mareil.fr\/index.php\/reglement\/","title":{"rendered":"R\u00e9glement"},"content":{"rendered":"\n<p><strong>L\u00e9gislation<\/strong><\/p>\n\n\n\n<ul class=\"wp-block-list\">\n<li>Les particuliers<\/li>\n\n\n\n<li>Loi du 4 Aout 2008<\/li>\n<\/ul>\n\n\n\n<p>Suite \u00e0 la discussion puis \u00e0 l&rsquo;approbation d&rsquo;un nouveau texte de loi \u00e0 l&rsquo;assembl\u00e9e nationale le 23 juillet 2008 dans le cadre de la modernisation de l&rsquo;\u00e9conomie,<\/p>\n\n\n\n<p>le journal officiel a publi\u00e9 5 ao\u00fbt 2008 (JORF n\u00b00181 page 12471 texte n\u00b0 1) la version d\u00e9finitive de l&rsquo;article L310-2 modifi\u00e9 par la loi n\u00b02008-776 du 4 ao\u00fbt 2008 &#8211; art. 54.<br><a href=\"https:\/\/www.legifrance.gouv.fr\/loda\/id\/LEGIARTI000033562195\/2016-12-11\/\" target=\"_blank\" rel=\"noreferrer noopener\">Modifi\u00e9 par LOI n\u00b02016-1691 du 9 d\u00e9cembre 2016 &#8211; art. 99<br><\/a><br><\/p>\n\n\n\n<p>Le paragraphe concernant la participation des particuliers aux ventes au d\u00e9ballage (vide greniers, brocantes, braderies, puces&#8230;.) du nouveau texte est r\u00e9dig\u00e9 ainsi:<\/p>\n\n\n\n<p>* \u00ab\u00a0Les particuliers non inscrits au registre du commerce et des soci\u00e9t\u00e9s sont autoris\u00e9s \u00e0 participer aux ventes au d\u00e9ballage en vue de vendre exclusivement des objets personnels et usag\u00e9s deux fois par an au plus\u00a0\u00bb.<\/p>\n\n\n\n<p>Notons au passage que la condition de limitation g\u00e9ographique (commune ou arrondissement) disparait.<\/p>\n\n\n\n<p>En cons\u00e9quence, tout particulier peut participer \u00e0 deux manifestations par an et dans la commune ou le d\u00e9partement de son choix.<\/p>\n\n\n\n<p><\/p>\n","protected":false},"excerpt":{"rendered":"<p>L\u00e9gislation Suite \u00e0 la discussion puis \u00e0 l&rsquo;approbation d&rsquo;un nouveau texte de loi \u00e0 l&rsquo;assembl\u00e9e nationale le 23 juillet 2008 dans le cadre de la modernisation de l&rsquo;\u00e9conomie, le journal officiel a publi\u00e9 5 ao\u00fbt 2008 (JORF n\u00b00181 page 12471 texte n\u00b0 1) la version d\u00e9finitive de l&rsquo;article L310-2 modifi\u00e9 par la loi n\u00b02008-776 du &#8230; <a title=\"R\u00e9glement\" class=\"read-more\" href=\"https:\/\/brocante-mareil.fr\/index.php\/reglement\/\" aria-label=\"Read more about R\u00e9glement\">Lire la suite<\/a><\/p>\n","protected":false},"author":1,"featured_media":0,"parent":0,"menu_order":0,"comment_status":"closed","ping_status":"closed","template":"","meta":{"footnotes":""},"class_list":["post-19","page","type-page","status-publish"],"_links":{"self":[{"href":"https:\/\/brocante-mareil.fr\/index.php\/wp-json\/wp\/v2\/pages\/19","targetHints":{"allow":["GET"]}}],"collection":[{"href":"https:\/\/brocante-mareil.fr\/index.php\/wp-json\/wp\/v2\/pages"}],"about":[{"href":"https:\/\/brocante-mareil.fr\/index.php\/wp-json\/wp\/v2\/types\/page"}],"author":[{"embeddable":true,"href":"https:\/\/brocante-mareil.fr\/index.php\/wp-json\/wp\/v2\/users\/1"}],"replies":[{"embeddable":true,"href":"https:\/\/brocante-mareil.fr\/index.php\/wp-json\/wp\/v2\/comments?post=19"}],"version-history":[{"count":4,"href":"https:\/\/brocante-mareil.fr\/index.php\/wp-json\/wp\/v2\/pages\/19\/revisions"}],"predecessor-version":[{"id":131,"href":"https:\/\/brocante-mareil.fr\/index.php\/wp-json\/wp\/v2\/pages\/19\/revisions\/131"}],"wp:attachment":[{"href":"https:\/\/brocante-mareil.fr\/index.php\/wp-json\/wp\/v2\/media?parent=19"}],"curies":[{"name":"wp","href":"https:\/\/api.w.org\/{rel}","templated":true}]}}